{"id":554,"date":"2019-03-08T00:23:24","date_gmt":"2019-03-08T00:23:24","guid":{"rendered":"http:\/\/www.plugincanada.ca\/?page_id=554"},"modified":"2019-03-24T12:28:14","modified_gmt":"2019-03-24T17:28:14","slug":"the-numbers-page","status":"publish","type":"page","link":"https:\/\/www.plugincanada.ca\/fr\/the-numbers-page\/","title":{"rendered":"la page des chiffres"},"content":{"rendered":"<p>Sur ce site, nous avons beaucoup de chiffres, si vous vous demandez o\u00f9 nous obtenons ces chiffres, vous \u00eates au bon endroit.<\/p>\n<h1>\u00c9missions de gaz \u00e0 effet de serre (GES)<\/h1>\n<h2>Flotte diesel actuelle<\/h2>\n<p>Les donn\u00e9es de base de ces calculs proviennent des statistiques d'OC Transpo de 2016 <a href=\"http:\/\/www.octranspo.com\/about-octranspo\/reports_and_stats\">ici.<\/a><\/p>\n<table dir=\"ltr\" border=\"1\" cellspacing=\"0\" cellpadding=\"0\">\n<colgroup>\n<col width=\"192\" \/>\n<col width=\"111\" \/><\/colgroup>\n<tbody>\n<tr>\n<td data-sheets-value=\"{&quot;1&quot;:2,&quot;2&quot;:&quot;Total Fuel&quot;}\">Carburant total<\/td>\n<td data-sheets-value=\"{&quot;1&quot;:3,&quot;3&quot;:42460000}\" data-sheets-numberformat=\"[null,2,&quot;#,##0 l&quot;,1]\">42,460,000 l<\/td>\n<\/tr>\n<tr>\n<td data-sheets-value=\"{&quot;1&quot;:2,&quot;2&quot;:&quot;GHG kg CO2e\/l&quot;}\">GES kg CO2e\/l<\/td>\n<td data-sheets-value=\"{&quot;1&quot;:3,&quot;3&quot;:2.66}\">2.66<\/td>\n<\/tr>\n<tr>\n<td data-sheets-value=\"{&quot;1&quot;:2,&quot;2&quot;:&quot;Optimistic Well to Wheel Factor &quot;}\">Facteur optimiste du puit \u00e0 la roue<\/td>\n<td data-sheets-value=\"{&quot;1&quot;:3,&quot;3&quot;:1.1}\">1.1<\/td>\n<\/tr>\n<tr>\n<td data-sheets-value=\"{&quot;1&quot;:2,&quot;2&quot;:&quot;Emissions&quot;}\">\u00c9missions GES<\/td>\n<td data-sheets-value=\"{&quot;1&quot;:3,&quot;3&quot;:124237.96000000002}\" data-sheets-numberformat=\"[null,2,&quot;0 \\&quot;tonnes\\&quot;&quot;,1]\">124,238 tonnes<\/td>\n<\/tr>\n<tr>\n<td data-sheets-value=\"{&quot;1&quot;:2,&quot;2&quot;:&quot;Realistic Well to Wheel Factor&quot;}\">Facteur r\u00e9aliste du puit \u00e0 la roue<\/td>\n<td data-sheets-value=\"{&quot;1&quot;:3,&quot;3&quot;:1.46}\">1.46<\/td>\n<\/tr>\n<tr>\n<td data-sheets-value=\"{&quot;1&quot;:2,&quot;2&quot;:&quot;Emissions&quot;}\">\u00c9missions<\/td>\n<td data-sheets-value=\"{&quot;1&quot;:3,&quot;3&quot;:164897.656}\" data-sheets-numberformat=\"[null,2,&quot;0 \\&quot;tonnes\\&quot;&quot;,1]\">164,898 tonnes<\/td>\n<\/tr>\n<\/tbody>\n<\/table>\n<p>Nous arrondissons le nombre \u00e0125 000 tonnes de CO2 par an.  Le facteur puit \u00e0 la roue prend en compte les \u00e9missions de production du combustible.  Le facteur optimiste puit \u00e0 la roue assume que le diesel vient du p\u00e9trole brut de l'Arabie Saoudite ou de la mer du Nord, le nombre r\u00e9aliste est repr\u00e9sentatif du diesel d'origine canadienne, principalement du bitume.<\/p>\n<h2>Flotte \u00e9lectrique future<\/h2>\n<p>En utilisant les m\u00eames kilom\u00e8tres d'autobus qu'en 2016, nous pouvons d\u00e9terminer la quantit\u00e9 d'\u00e9lectricit\u00e9 qui sera utilis\u00e9e par une flotte similaire d'autobus \u00e9lectriques.    Notez que le l'efficacit\u00e9 de 1,2 kWh\/km est pessimiste, CRITUC utilise 1,02 pour le Canada.  La surcharge pour le rechargement est ajout\u00e9e \u00e0 25%, ce qui est \u00e9galement pessimiste et va probablement \u00eatre plus proche de 10%.  Nous utilisons 40 g\/kWh de GES, c'est la moyenne pour l'Ontario, la recharge la nuit tendrait \u00e0 baisser ce nombre.<\/p>\n<table dir=\"ltr\" style=\"height: 275px;\" border=\"1\" width=\"371\" cellspacing=\"0\" cellpadding=\"0\">\n<colgroup>\n<col width=\"192\" \/>\n<col width=\"111\" \/><\/colgroup>\n<tbody>\n<tr>\n<td data-sheets-value=\"{&quot;1&quot;:2,&quot;2&quot;:&quot;Bus kms&quot;}\">kms autobus<\/td>\n<td data-sheets-value=\"{&quot;1&quot;:3,&quot;3&quot;:61772436}\" data-sheets-numberformat=\"[null,2,&quot;#,##0 \\&quot;km\\&quot;&quot;,1]\" data-sheets-formula=\"=63162*978\">61,772,436 km<\/td>\n<\/tr>\n<tr>\n<td data-sheets-value=\"{&quot;1&quot;:2,&quot;2&quot;:&quot;Electric Bus efficiency&quot;}\">Efficacit\u00e9 autobus \u00e9lectrique<\/td>\n<td data-sheets-value=\"{&quot;1&quot;:3,&quot;3&quot;:1.2}\" data-sheets-numberformat=\"[null,2,&quot;0.0 \\&quot;kWh\/km\\&quot;&quot;,1]\">1.2 kWh\/km<\/td>\n<\/tr>\n<tr>\n<td data-sheets-value=\"{&quot;1&quot;:2,&quot;2&quot;:&quot;Overhead&quot;}\">Surcharge<\/td>\n<td data-sheets-value=\"{&quot;1&quot;:3,&quot;3&quot;:0.25}\" data-sheets-numberformat=\"[null,3,&quot;0%&quot;,1]\">25%<\/td>\n<\/tr>\n<tr>\n<td data-sheets-value=\"{&quot;1&quot;:2,&quot;2&quot;:&quot;Fleet power usage&quot;}\">\u00c9lectricit\u00e9 pour la flotte<\/td>\n<td data-sheets-value=\"{&quot;1&quot;:3,&quot;3&quot;:92658654}\" data-sheets-numberformat=\"[null,2,&quot;0 \\&quot;kWh\\&quot;&quot;,1]\">92,658,654 kWh<\/td>\n<\/tr>\n<tr>\n<td data-sheets-value=\"{&quot;1&quot;:2,&quot;2&quot;:&quot;Ontario Grid CO2&quot;}\">CO2 du r\u00e9seau ontarien<\/td>\n<td data-sheets-value=\"{&quot;1&quot;:3,&quot;3&quot;:40}\" data-sheets-numberformat=\"[null,2,&quot;0 \\&quot;g\/kWh\\&quot;&quot;,1]\">40 g\/kWh<\/td>\n<\/tr>\n<tr>\n<td data-sheets-value=\"{&quot;1&quot;:2,&quot;2&quot;:&quot;Emissions from generation&quot;}\">\u00c9missions du r\u00e9seau \u00e9lectrique<\/td>\n<td data-sheets-value=\"{&quot;1&quot;:3,&quot;3&quot;:3706.34616}\" data-sheets-numberformat=\"[null,2,&quot;0 \\&quot;tonnes\\&quot;&quot;,1]\">3706 tonnes<\/td>\n<\/tr>\n<tr>\n<td data-sheets-value=\"{&quot;1&quot;:2,&quot;2&quot;:&quot;(Diesel emissions avoided)&quot;}\">(\u00c9missions diesel \u00e9vit\u00e9es)<\/td>\n<td data-sheets-value=\"{&quot;1&quot;:3,&quot;3&quot;:-124237.96}\" data-sheets-numberformat=\"[null,2,&quot;0 \\&quot;tonnes\\&quot;&quot;,1]\">-124,238 tonnes<\/td>\n<\/tr>\n<tr>\n<td data-sheets-value=\"{&quot;1&quot;:2,&quot;2&quot;:&quot;(Total emissions avoided)&quot;}\">(\u00c9missions totales \u00e9vit\u00e9es)<\/td>\n<td data-sheets-value=\"{&quot;1&quot;:3,&quot;3&quot;:-120531.61384}\" data-sheets-numberformat=\"[null,2,&quot;0 \\&quot;tonnes\\&quot;&quot;,1]\">-120,532 tonnes<\/td>\n<\/tr>\n<\/tbody>\n<\/table>\n<p>L'am\u00e9lioration globale est d'environ 97% de r\u00e9duction des GES, nous utilisons 95% comme chiffre rond.<\/p>\n<h1>\u00c9conomies de co\u00fbt d'exploitation<\/h1>\n<h2>Carburant<\/h2>\n<p>Nous avons calcul\u00e9 les \u00e9conomies de co\u00fbts bas\u00e9es sur 90c par litre de diesel, ce qui est optimiste et 10c\/kWh qui est pessimiste 1-2C \u00e9tant plus r\u00e9aliste.<\/p>\n<table dir=\"ltr\" border=\"1\" cellspacing=\"0\" cellpadding=\"0\">\n<colgroup>\n<col width=\"192\" \/>\n<col width=\"111\" \/><\/colgroup>\n<tbody>\n<tr>\n<td data-sheets-value=\"{&quot;1&quot;:2,&quot;2&quot;:&quot;Electricity Price&quot;}\">Prix de l'\u00e9lectricit\u00e9<\/td>\n<td data-sheets-value=\"{&quot;1&quot;:3,&quot;3&quot;:0.1}\" data-sheets-numberformat=\"[null,2,&quot;\\&quot;$\\&quot;0.00 \\&quot;\/kWh\\&quot;&quot;,1]\">$0.10 \/kWh<\/td>\n<\/tr>\n<tr>\n<td data-sheets-value=\"{&quot;1&quot;:2,&quot;2&quot;:&quot;Fleet power usage&quot;}\">\u00c9lectricit\u00e9 pour la flotte<\/td>\n<td data-sheets-value=\"{&quot;1&quot;:3,&quot;3&quot;:92658654}\" data-sheets-numberformat=\"[null,2,&quot;0 \\&quot;kWh\\&quot;&quot;,1]\">92,658,654 kWh<\/td>\n<\/tr>\n<tr>\n<td data-sheets-value=\"{&quot;1&quot;:2,&quot;2&quot;:&quot;Electricity Cost&quot;}\">Co\u00fbt \u00e9lectricit\u00e9<\/td>\n<td data-sheets-value=\"{&quot;1&quot;:3,&quot;3&quot;:9265865.4}\" data-sheets-numberformat=\"[null,4,&quot;[$$]#,##0&quot;,1]\">$9,265,865<\/td>\n<\/tr>\n<tr>\n<td data-sheets-value=\"{&quot;1&quot;:2,&quot;2&quot;:&quot;Diesel Price&quot;}\">Prix diesel<\/td>\n<td data-sheets-value=\"{&quot;1&quot;:3,&quot;3&quot;:0.9}\" data-sheets-numberformat=\"[null,2,&quot;[$$]#,##0.00\\&quot;\/l\\&quot;&quot;,1]\">$0.90\/l<\/td>\n<\/tr>\n<tr>\n<td data-sheets-value=\"{&quot;1&quot;:2,&quot;2&quot;:&quot;Total Diesel&quot;}\">Total de diesel<\/td>\n<td data-sheets-value=\"{&quot;1&quot;:3,&quot;3&quot;:42460000}\" data-sheets-numberformat=\"[null,2,&quot;#,##0 l&quot;,1]\">42,460,000 l<\/td>\n<\/tr>\n<tr>\n<td data-sheets-value=\"{&quot;1&quot;:2,&quot;2&quot;:&quot;Diesel Cost&quot;}\">Co\u00fbt du diesel<\/td>\n<td data-sheets-value=\"{&quot;1&quot;:3,&quot;3&quot;:38214000}\" data-sheets-numberformat=\"[null,4,&quot;[$$]#,##0&quot;,1]\">$38,214,000<\/td>\n<\/tr>\n<tr>\n<td data-sheets-value=\"{&quot;1&quot;:2,&quot;2&quot;:&quot;Cost savings&quot;}\">\u00c9conomie de co\u00fbts<\/td>\n<td data-sheets-value=\"{&quot;1&quot;:3,&quot;3&quot;:28948134.6}\" data-sheets-numberformat=\"[null,4,&quot;[$$]#,##0&quot;,1]\">$28,948,135<\/td>\n<\/tr>\n<\/tbody>\n<\/table>\n<p>Nous arrondissons les \u00e9conomies de carburant \u00e0 $30 millions, le nombre r\u00e9el pourrait \u00eatre autant que $45 millions si le diesel est \u00e0 1,10 $\/l et l'\u00e9lectricit\u00e9 \u00e0 2c\/kWh.<\/p>\n<h2>Entretien<\/h2>\n<p>L'entretien est un domaine o\u00f9 nous n'avons pas de donn\u00e9es d'OC Transpo.  Nous avons \u00e9tabli un parall\u00e8le avec la ville de New York.  Judah aber rapporte que New York <a href=\"https:\/\/www.plugincanada.ca\/wp-content\/uploads\/2019\/03\/Electric-Bus-Analysis-for-NYC-Transit-by-J-Aber-Columbia-University-May-2016.pdf\">d\u00e9pense $35,000 US<\/a> sur l'entretien de chaque autobus dans leur flotte \u00e0 chaque ann\u00e9e.  Nous faisons l'hypoth\u00e8se qu'OC Transpo d\u00e9pense environ $50 000 sur chaque autobus chaque ann\u00e9e.  Aber d\u00e9clare: \"<em>Globalement, les \u00e9conomies de co\u00fbts ont \u00e9t\u00e9 d\u00e9montr\u00e9es comme \u00e9tant aussi \u00e9lev\u00e9es que 50% par autobus. Aux fins de cette analyse, les \u00e9conomies sur le co\u00fbt d'entretien de l'alternative 1 ont \u00e9t\u00e9 fix\u00e9es \u00e0 40%.<\/em>&#8221;<\/p>\n<p>Nous avons adopt\u00e9 le m\u00eame nombre de 40%, ce qui donne une \u00e9conomie de $20 000 par ann\u00e9e par autobus.<\/p>\n<p>Les r\u00e9sultats pratiques de <a href=\"https:\/\/www.plugincanada.ca\/wp-content\/uploads\/2019\/03\/king_county_be_bus_preliminary.pdf\">la d\u00e9monstration d'autobus \u00e9lectriques de King County<\/a> montrent une r\u00e9duction de 44% des co\u00fbts d'entretien, soutenant aussi 40% comme base pour la planification pour OC Transpo.<\/p>\n<h2>\u00c9conomies op\u00e9rationnelles globales<\/h2>\n<p>Nous utilisons un $50 000 par ann\u00e9e par num\u00e9ro de bus pour environ 50M $ par ann\u00e9e pour la flotte, ce qui est appuy\u00e9 par des \u00e9conomies de carburant de plus de $30 000 et des \u00e9conomies de co\u00fbts d'entretien d'environ $20 000.  Nous croyons que ce nombre est conservateur.<\/p>\n<h2>Pollution atmosph\u00e9rique<\/h2>\n<p>La pollution atmosph\u00e9rique annuelle cr\u00e9\u00e9e par OC Transpo est la suivante:<\/p>\n<table dir=\"ltr\" border=\"1\" cellspacing=\"0\" cellpadding=\"0\">\n<colgroup>\n<col width=\"192\" \/>\n<col width=\"111\" \/>\n<col width=\"100\" \/><\/colgroup>\n<tbody>\n<tr>\n<td data-sheets-value=\"{&quot;1&quot;:2,&quot;2&quot;:&quot;NOx&quot;}\">NOx<\/td>\n<td data-sheets-value=\"{&quot;1&quot;:3,&quot;3&quot;:1.5}\" data-sheets-numberformat=\"[null,2,&quot;0.0 \\&quot;g\/km\\&quot;&quot;,1]\">1.5 g\/km<\/td>\n<td data-sheets-value=\"{&quot;1&quot;:3,&quot;3&quot;:92658.654}\" data-sheets-numberformat=\"[null,2,&quot;#,##0 \\&quot;kg\\&quot;&quot;,1]\">92,659 kg<\/td>\n<\/tr>\n<tr>\n<td data-sheets-value=\"{&quot;1&quot;:2,&quot;2&quot;:&quot;PM2.5&quot;}\">PM2.5<\/td>\n<td data-sheets-value=\"{&quot;1&quot;:3,&quot;3&quot;:0.016988}\" data-sheets-numberformat=\"[null,2,&quot;0.000 \\&quot;g\/km\\&quot;&quot;,1]\">0.017 g\/km<\/td>\n<td data-sheets-value=\"{&quot;1&quot;:3,&quot;3&quot;:1049.390142768}\" data-sheets-numberformat=\"[null,2,&quot;#,##0 \\&quot;kg\\&quot;&quot;,1]\">1,049 kg<\/td>\n<\/tr>\n<tr>\n<td data-sheets-value=\"{&quot;1&quot;:2,&quot;2&quot;:&quot;PM10&quot;}\">PM10<\/td>\n<td data-sheets-value=\"{&quot;1&quot;:3,&quot;3&quot;:0.1782}\" data-sheets-numberformat=\"[null,2,&quot;0.000 \\&quot;g\/km\\&quot;&quot;,1]\">0.178 g\/km<\/td>\n<td data-sheets-value=\"{&quot;1&quot;:3,&quot;3&quot;:11007.8480952}\" data-sheets-numberformat=\"[null,2,&quot;#,##0 \\&quot;kg\\&quot;&quot;,1]\">11,008 kg<\/td>\n<\/tr>\n<\/tbody>\n<\/table>\n<p>Le chiffre pour les NOx provient de la <a href=\"https:\/\/www.arb.ca.gov\/planning\/tsaq\/eval\/evaltables.pdf\">California Air Resource Board (CARB)<\/a><\/p>\n<p>Le chiffre pour les particules provient de la <a href=\"https:\/\/nepis.epa.gov\/Exe\/ZyNET.exe\/P100EVY1.txt?ZyActionD=ZyDocument&amp;Client=EPA&amp;Index=2006%20Thru%202010&amp;Docs=&amp;Query=&amp;Time=&amp;EndTime=&amp;SearchMethod=1&amp;TocRestrict=n&amp;Toc=&amp;TocEntry=&amp;QField=&amp;QFieldYear=&amp;QFieldMonth=&amp;QFieldDay=&amp;UseQField=&amp;IntQFieldOp=0&amp;ExtQFieldOp=0&amp;XmlQuery=&amp;File=D%3A%5CZYFILES%5CINDEX%20DATA%5C06THRU10%5CTXT%5C00000033%5CP100EVY1.txt&amp;User=ANONYMOUS&amp;Password=anonymous&amp;SortMethod=h%7C-&amp;MaximumDocuments=1&amp;FuzzyDegree=0&amp;ImageQuality=r75g8\/r75g8\/x150y150g16\/i425&amp;Display=hpfr&amp;DefSeekPage=x&amp;SearchBack=ZyActionL&amp;Back=ZyActionS&amp;BackDesc=Results%20page&amp;MaximumPages=1&amp;ZyEntry=3&amp;slide#\">US EPA<\/a><\/p>\n<p>Ces chiffres sont optimistes car ils sont par kilom\u00e8tre voyag\u00e9.  Comme OC Transpo laisser souvent tourner les moteurs, les nombres r\u00e9els sont probablement beaucoup plus \u00e9lev\u00e9s.<\/p>\n<h2>OC Transpo Bus Efficiency<\/h2>\n<table dir=\"ltr\" border=\"1\" cellspacing=\"0\" cellpadding=\"0\">\n<colgroup>\n<col width=\"192\" \/>\n<col width=\"111\" \/><\/colgroup>\n<tbody>\n<tr>\n<td data-sheets-value=\"{&quot;1&quot;:2,&quot;2&quot;:&quot;Total Diesel&quot;}\">Total de diesel<\/td>\n<td data-sheets-value=\"{&quot;1&quot;:3,&quot;3&quot;:42460000}\" data-sheets-numberformat=\"[null,2,&quot;#,##0 l&quot;,1]\">42,460,000 l<\/td>\n<\/tr>\n<tr>\n<td data-sheets-value=\"{&quot;1&quot;:2,&quot;2&quot;:&quot;Passenger km&quot;}\">km passager<\/td>\n<td data-sheets-value=\"{&quot;1&quot;:3,&quot;3&quot;:1036599999.9999999}\" data-sheets-numberformat=\"[null,2,&quot;#,##0 \\&quot;km\\&quot;&quot;,1]\" data-sheets-formula=\"=1000000*(972.4 +64.2)\">1,036,600,000 km<\/td>\n<\/tr>\n<tr>\n<td data-sheets-value=\"{&quot;1&quot;:2,&quot;2&quot;:&quot;l\/100 passenger km&quot;}\">l\/100 km passager<\/td>\n<td data-sheets-value=\"{&quot;1&quot;:3,&quot;3&quot;:4.096083349411538}\" data-sheets-numberformat=\"[null,2,&quot;0.00&quot;,1]\">4.10<\/td>\n<\/tr>\n<\/tbody>\n<\/table>\n<p>En moyenne, il faut 4,1 l de diesel pour d\u00e9placer chaque passager sur 100 km. Comme r\u00e9f\u00e9rence, une Toyota Prius utilise 4,5 l d'essence pour conduire 100 km.<\/p>\n<p>&nbsp;<\/p>\n<p>&nbsp;<\/p>\n427","protected":false},"excerpt":{"rendered":"<p>On this site we bandy about a lot of numbers, if you are wondering where we get these numbers, you are in the right place. Greenhouse Gas Emissions (GHG) Current Diesel Fleet The base data for these calculations is from OC Transpo&#8217;s 2016 stats here. Total Fuel 42,460,000 l GHG kg CO2e\/l 2.66 Optimistic Well<span class=\"post-excerpt-end\">&hellip;<\/span><\/p>\n<p class=\"more-link\"><a href=\"https:\/\/www.plugincanada.ca\/fr\/the-numbers-page\/\" class=\"themebutton\">Read More<\/a><\/p>","protected":false},"author":1,"featured_media":0,"parent":0,"menu_order":0,"comment_status":"closed","ping_status":"closed","template":"","meta":{"footnotes":""},"class_list":["post-554","page","type-page","status-publish","hentry"],"_links":{"self":[{"href":"https:\/\/www.plugincanada.ca\/fr\/wp-json\/wp\/v2\/pages\/554","targetHints":{"allow":["GET"]}}],"collection":[{"href":"https:\/\/www.plugincanada.ca\/fr\/wp-json\/wp\/v2\/pages"}],"about":[{"href":"https:\/\/www.plugincanada.ca\/fr\/wp-json\/wp\/v2\/types\/page"}],"author":[{"embeddable":true,"href":"https:\/\/www.plugincanada.ca\/fr\/wp-json\/wp\/v2\/users\/1"}],"replies":[{"embeddable":true,"href":"https:\/\/www.plugincanada.ca\/fr\/wp-json\/wp\/v2\/comments?post=554"}],"version-history":[{"count":10,"href":"https:\/\/www.plugincanada.ca\/fr\/wp-json\/wp\/v2\/pages\/554\/revisions"}],"predecessor-version":[{"id":560,"href":"https:\/\/www.plugincanada.ca\/fr\/wp-json\/wp\/v2\/pages\/554\/revisions\/560"}],"wp:attachment":[{"href":"https:\/\/www.plugincanada.ca\/fr\/wp-json\/wp\/v2\/media?parent=554"}],"curies":[{"name":"wp","href":"https:\/\/api.w.org\/{rel}","templated":true}]}}