{"id":386,"date":"2019-03-03T23:23:44","date_gmt":"2019-03-03T23:23:44","guid":{"rendered":"http:\/\/www.plugincanada.ca\/?page_id=386"},"modified":"2021-01-18T10:33:43","modified_gmt":"2021-01-18T15:33:43","slug":"e-bus-ottawa-campaign","status":"publish","type":"page","link":"https:\/\/www.plugincanada.ca\/fr\/","title":{"rendered":"Campagne e-Bus Ottawa"},"content":{"rendered":"<header>\n<div id=\"site-header\">\n<div id=\"intro\" class=\"option1\">\n<div class=\"wrap-safari\">\n<div id=\"intro-core\">\n<h1 class=\"page-title\">SUCCESS! A GREAT BEGINNING\u2026<\/h1>\n<\/div>\n<\/div>\n<\/div>\n<\/div>\n<\/header>\n<div id=\"content\">\n<div id=\"content-core\">\n<div id=\"main\">\n<div id=\"main-core\">\n<article id=\"post-867\" class=\"post-867 post type-post status-publish format-standard hentry category-improving-transit format-nomedia\">\n<header class=\"entry-header\">\n<div class=\"entry-meta\"><span class=\"date\"><a title=\"Success! A Great Beginning\u2026\" href=\"https:\/\/www.plugincanada.ca\/fr\/2021\/01\/18\/success-a-great-beginning\/\"><time datetime=\"2021-01-18T10:22:21-05:00\">JAN 18, 2021<\/time><\/a><\/span><span class=\"author\"><a title=\"View all posts by Kathleen Eglin\" href=\"https:\/\/www.plugincanada.ca\/fr\/author\/kathleen\/\" rel=\"author\">KATHLEEN EGLIN<\/a><\/span><span class=\"category\"><i class=\"fa fa-list\"><\/i><a href=\"https:\/\/www.plugincanada.ca\/fr\/category\/improving-transit\/\" rel=\"category tag\">IMPROVING TRANSIT<\/a><\/span><\/div>\n<div class=\"clearboth\"><\/div>\n<\/header>\n<div class=\"entry-content\">\n<p style=\"text-align: center;\"><span style=\"font-size: 20px;\"><strong>The people have spoken, and our leaders are listening.<\/strong><\/span><\/p>\n<p>The Honourable Catherine McKenna, Minister of Infrastructure and Communities recently announced funding for 4 new\u00a0battery-electric buses:<\/p>\n<div>\n<h1><a href=\"https:\/\/www.canada.ca\/en\/office-infrastructure\/news\/2020\/12\/ottawa-to-purchase-new-electric-buses.html\">News release<\/a><\/h1>\n<h1 id=\"wb-cont\">Ottawa to purchase new electric buses<\/h1>\n<p class=\"gc-byline\"><strong>From:\u00a0<a href=\"https:\/\/www.canada.ca\/en\/office-infrastructure.html\">Infrastructure Canada<\/a><\/strong><\/p>\n<\/div>\n<div><\/div>\n<div>\n<div class=\"mrgn-bttm-md\">\n<div class=\"row\">\n<div class=\"col-md-auto\">\n<div class=\"cmp-text\"><\/div>\n<\/div>\n<\/div>\n<\/div>\n<\/div>\n<\/div>\n<\/article>\n<\/div>\n<\/div>\n<\/div>\n<\/div>\n<p>&nbsp;<\/p>\n<p style=\"text-align: center;\">Ceci est un projet conjoint du Conseil des v\u00e9hicules \u00e9lectriques d\u2019Ottawa, d\u2019\u00c9cologie Ottawa et de la Coalition pour les transports sains<\/p>\n<p style=\"text-align: center;\" class=\"translation-block\"><a class=\"maxbutton-3 maxbutton maxbutton-htc-email\" href=\"https:\/\/www.healthytransportation.ca\/take_action\" target=\"_self\"><span class=\"mb-text\">Passez \u00e0 l'action - Courriel \u00e0 votre conseiller municipal<\/span><\/a>\u00a0 <a class=\"maxbutton-1 maxbutton maxbutton-htc-petition\" href=\"https:\/\/www.healthytransportation.ca\/electric_buses\" target=\"_self\"><span class=\"mb-text\">Passez \u00e0 l'action - Signez la p\u00e9tition<\/span><\/a><\/p>\n<h1 style=\"text-align: center;\">Campagne e-bus d'Ottawa #ebusottawa<\/h1>\n<h3>Nous demandons au conseil municipal d\u2019Ottawa <img loading=\"lazy\" decoding=\"async\" class=\"alignright wp-image-393\" src=\"https:\/\/www.plugincanada.ca\/wp-content\/uploads\/2019\/03\/Word-Art-245x300.png\" alt=\"\" width=\"200\" height=\"245\" srcset=\"https:\/\/www.plugincanada.ca\/wp-content\/uploads\/2019\/03\/Word-Art-245x300.png 245w, https:\/\/www.plugincanada.ca\/wp-content\/uploads\/2019\/03\/Word-Art.png 638w\" sizes=\"auto, (max-width: 200px) 100vw, 200px\" \/>de s\u2019aligner sur les engagements d\u00e9j\u00e0 pris par Toronto, Montr\u00e9al, Vancouver, Laval et Edmonton:<\/h3>\n<ul>\n<li>Diriger un projet pilote d'autobus \u00e9lectriques en 2020<\/li>\n<li>Introduire les autobus \u00e9lectriques en service r\u00e9gulier d'ici 2021<\/li>\n<li>Acheter uniquement des autobus \u00e9lectriques \u00e0 partir de 2024<\/li>\n<li>Avoir une flotte d'autobus 100% \u00e9lectrique d'ici 2035<\/li>\n<\/ul>\n<h3>Pourquoi OC Transpo devrait-il amorcer la transition vers les autobus \u00e9lectriques?<\/h3>\n<h4>Lutter contre le changement climatique<\/h4>\n<ul>\n<li>Les autobus d'OC Transpo produisent 45% des \u00e9missions de gaz \u00e0 effet de serre de toutes les op\u00e9rations de la ville d'Ottawa<\/li>\n<li>Les autobus \u00e9lectriques r\u00e9duisent les \u00e9missions de GES de 95%<\/li>\n<li>Si la ville d'Ottawa doit faire sa part pour atteindre les objectifs fix\u00e9s par le Canada \u00e0 Paris pour 2030 et 2050, il faut passer \u00e0 l'action et planifier la transition d\u00e8s maintenant.<\/li>\n<\/ul>\n<h4>Am\u00e9liorer le transport en commun<\/h4>\n<ul>\n<li>Voyager dans un autobus \u00e9lectrique est plus agr\u00e9ables puisque les autobus sont silencieux et propres<\/li>\n<li>Ils sont plus fiables, ce qui signifie plus de temps sur la route, moins de temps dans le garage pour les r\u00e9parations<\/li>\n<li>Les autobus \u00e9lectriques offriront un meilleur service tout en disposant du m\u00eame budget de fonctionnement<\/li>\n<\/ul>\n<h4>\u00c9conomiser de l'argent<\/h4>\n<ul>\n<li>Les autobus \u00e9lectriques sont beaucoup moins dispendieux \u00e0 op\u00e9rer<\/li>\n<li>Co\u00fbts en carburant - une flotte d'autobus enti\u00e8rement \u00e9lectrique g\u00e9n\u00e9rera une \u00e9conomie d'environ 30 millions de dollars par an<\/li>\n<li>Co\u00fbts d'entretien - une flotte d'autobus enti\u00e8rement \u00e9lectrique entrainera une \u00e9conomie d'environ 20 millions de dollars par an<\/li>\n<\/ul>\n<p>CVEO collabore avec la Coalition pour les transports sains et \u00c9cologie Ottawa afin d'obtenir ces engagements en 2019<\/p>\n<h4>Passez \u00e0 l'action<\/h4>\n<p style=\"text-align: center;\" class=\"translation-block\"><a class=\"maxbutton-3 maxbutton maxbutton-htc-email\" href=\"https:\/\/www.healthytransportation.ca\/take_action\" target=\"_self\"><span class=\"mb-text\">Passez \u00e0 l'action - Courriel \u00e0 votre conseiller municipal<\/span><\/a>\u00a0 <a class=\"maxbutton-1 maxbutton maxbutton-htc-petition\" href=\"https:\/\/www.healthytransportation.ca\/electric_buses\" target=\"_self\"><span class=\"mb-text\">Passez \u00e0 l'action - Signez la p\u00e9tition<\/span><\/a><\/p>\n3748","protected":false},"excerpt":{"rendered":"<p>SUCCESS! A GREAT BEGINNING\u2026 JAN 18, 2021KATHLEEN EGLINIMPROVING TRANSIT The people have spoken, and our leaders are listening. The Honourable Catherine McKenna, Minister of Infrastructure and Communities recently announced funding for 4 new\u00a0battery-electric buses: News release Ottawa to purchase new electric buses From:\u00a0Infrastructure Canada &nbsp; This a joint project of the Electric Vehicle Council of<span class=\"post-excerpt-end\">&hellip;<\/span><\/p>\n<p class=\"more-link\"><a href=\"https:\/\/www.plugincanada.ca\/fr\/\" class=\"themebutton\">Read More<\/a><\/p>","protected":false},"author":1,"featured_media":0,"parent":0,"menu_order":0,"comment_status":"closed","ping_status":"closed","template":"","meta":{"footnotes":""},"class_list":["post-386","page","type-page","status-publish","hentry"],"_links":{"self":[{"href":"https:\/\/www.plugincanada.ca\/fr\/wp-json\/wp\/v2\/pages\/386","targetHints":{"allow":["GET"]}}],"collection":[{"href":"https:\/\/www.plugincanada.ca\/fr\/wp-json\/wp\/v2\/pages"}],"about":[{"href":"https:\/\/www.plugincanada.ca\/fr\/wp-json\/wp\/v2\/types\/page"}],"author":[{"embeddable":true,"href":"https:\/\/www.plugincanada.ca\/fr\/wp-json\/wp\/v2\/users\/1"}],"replies":[{"embeddable":true,"href":"https:\/\/www.plugincanada.ca\/fr\/wp-json\/wp\/v2\/comments?post=386"}],"version-history":[{"count":10,"href":"https:\/\/www.plugincanada.ca\/fr\/wp-json\/wp\/v2\/pages\/386\/revisions"}],"predecessor-version":[{"id":869,"href":"https:\/\/www.plugincanada.ca\/fr\/wp-json\/wp\/v2\/pages\/386\/revisions\/869"}],"wp:attachment":[{"href":"https:\/\/www.plugincanada.ca\/fr\/wp-json\/wp\/v2\/media?parent=386"}],"curies":[{"name":"wp","href":"https:\/\/api.w.org\/{rel}","templated":true}]}}