{"id":316,"date":"2019-02-23T19:53:19","date_gmt":"2019-02-23T19:53:19","guid":{"rendered":"http:\/\/www.plugincanada.ca\/?page_id=316"},"modified":"2019-03-09T10:06:46","modified_gmt":"2019-03-09T15:06:46","slug":"volunteer-tools","status":"publish","type":"page","link":"https:\/\/www.plugincanada.ca\/fr\/volunteer-tools\/","title":{"rendered":"Outils pour b\u00e9n\u00e9voles"},"content":{"rendered":"<p style=\"text-align: center;\"><a class=\"maxbutton-4 maxbutton maxbutton-carleton-volunteer\" href=\"\/fr\/sign-up\/\"><span class='mb-text'>Carleton - Inscription des b\u00e9n\u00e9voles<\/span><\/a> <a class=\"maxbutton-5 maxbutton maxbutton-uottawa-volunteer\" href=\"\/fr\/uottawa-volunteer-sign-up\/\"><span class='mb-text'>UOttawa - Inscription des b\u00e9n\u00e9voles<\/span><\/a><\/p>\n<p style=\"text-align: center;\"><span style=\"font-size: 20px;\"><b>Campagne e-Bus Ottawa<\/b><\/span><\/p>\n<p style=\"text-align: center;\"><em>\"Un probl\u00e8me pour tous, une solution pour tout\"<\/em><\/p>\n<p>Merci de nous aider \u00e0 faire passer le message \u00e0 tous les r\u00e9sidents et leaders d'Ottawa \u2013 les citoyens d\u2019Ottawa d\u00e9sirent <em><strong>syst\u00e8me de transport en commun plus propre, meilleur et moins cher.<\/strong><\/em>Cette page contient des liens vers tous les outils dont vous pourriez avoir besoin au cours de votre travail sur la campagne.<\/p>\n<p><strong>Le vendredi 15 mars<\/strong> est une journ\u00e9e d'action de la jeunesse, rejoignez-nous <a href=\"https:\/\/www.facebook.com\/events\/596972740727930\/\">Gr\u00e8ve mondiale du climat sur la colline du Parlement.<\/a>\u00a0\u00a0<a href=\"https:\/\/www.facebook.com\/gretathunbergsweden\/\" data-hovercard=\"\/ajax\/hovercard\/page.php?id=732846497083173&amp;extragetparams=%7B%22__tn__%22%3A%22%2CdkC-R-R%22%2C%22eid%22%3A%22ARCfCOtuhxxb5Mq17iTAhm8m0NZ7shdUj7b_QCXVLQH_ka6WD4VUwU0exlYracYSsuFOF-dcN6yXMULB%22%2C%22hc_ref%22%3A%22ARQgv8tqp5ex5PWVbA2bMUSid29t9Tcw46CdF4tCkQIt7jFLp5PPe7b6rEPr8YebcFA%22%2C%22fref%22%3A%22nf%22%7D\" data-hovercard-prefer-more-content-show=\"1\" data-hovercard-referer=\"ARQgv8tqp5ex5PWVbA2bMUSid29t9Tcw46CdF4tCkQIt7jFLp5PPe7b6rEPr8YebcFA\">L'initiative de Greta Thunberg<\/a> est, peut-\u00eatre notre meilleur espoir de faire agir les gouvernements.<\/p>\n<p><strong>Liens de m\u00e9dias sociaux:<\/strong><\/p>\n<ul>\n<li>S'il vous pla\u00eet taggez <a href=\"https:\/\/www.google.com\/search?q=%23ebusottawa\">#ebusottawa<\/a> et <a href=\"https:\/\/www.google.com\/search?q=%23octranspo\">#octranspo<\/a> lorsque vous postez<\/li>\n<li><a href=\"https:\/\/www.instagram.com\/ebusottawa\/\">Instagram<\/a><\/li>\n<li><a href=\"https:\/\/www.facebook.com\/groups\/282496532357538\/\">Facebook<\/a><\/li>\n<li><a href=\"https:\/\/twitter.com\/e_ottawa\">Twitter<\/a><\/li>\n<li><a href=\"https:\/\/www.reddit.com\/user\/ebusottawa\">Reddit<\/a><\/li>\n<\/ul>\n<p><a href=\"https:\/\/drive.google.com\/open?id=1q2l7Br4LK0nOpkJGkgDiqxw4G5MMV6c7\" target=\"_blank\" rel=\"noopener noreferrer\">Documents et pr\u00e9sentations sur Google Drive<\/a><\/p>\n<p><iframe style=\"width: 100%; height: 600px; border: 0;\" src=\"https:\/\/drive.google.com\/embeddedfolderview?id=1q2l7Br4LK0nOpkJGkgDiqxw4G5MMV6c7#grid\"><span data-mce-type=\"bookmark\" style=\"display: inline-block; width: 0px; overflow: hidden; line-height: 0;\" class=\"mce_SELRES_start\"><\/span><\/iframe><\/p>\n<p><strong>Information sur les autobus \u00e9lectriques<\/strong><\/p>\n<ul>\n<li><a href=\"https:\/\/www.plugincanada.ca\/fr\/electric-bus-faq\/\">e-bus Foire aux questions (FAQ)<\/a><\/li>\n<li><a href=\"https:\/\/www.plugincanada.ca\/fr\/e-bus-background\/\">Recherche autobus et informations de fond<\/a><\/li>\n<\/ul>\n<p style=\"text-align: center;\"><a class=\"maxbutton-4 maxbutton maxbutton-carleton-volunteer\" href=\"\/fr\/sign-up\/\"><span class='mb-text'>Carleton - Inscription des b\u00e9n\u00e9voles<\/span><\/a> <a class=\"maxbutton-5 maxbutton maxbutton-uottawa-volunteer\" href=\"\/fr\/uottawa-volunteer-sign-up\/\"><span class='mb-text'>UOttawa - Inscription des b\u00e9n\u00e9voles<\/span><\/a><\/p>","protected":false},"excerpt":{"rendered":"<p>e-Bus Ottawa Campaign &#8220;This is an Everyone problem, this is an Everything solution&#8221; Thank you for volunteering to help us get the word out &#8211; that Ottawa wants and needs a cleaner, better and cheaper Transit system.This page contains links to all the tools you might need in the course of your work on the<span class=\"post-excerpt-end\">&hellip;<\/span><\/p>\n<p class=\"more-link\"><a href=\"https:\/\/www.plugincanada.ca\/fr\/volunteer-tools\/\" class=\"themebutton\">Read More<\/a><\/p>","protected":false},"author":1,"featured_media":0,"parent":0,"menu_order":0,"comment_status":"closed","ping_status":"closed","template":"","meta":{"footnotes":""},"class_list":["post-316","page","type-page","status-publish","hentry"],"_links":{"self":[{"href":"https:\/\/www.plugincanada.ca\/fr\/wp-json\/wp\/v2\/pages\/316","targetHints":{"allow":["GET"]}}],"collection":[{"href":"https:\/\/www.plugincanada.ca\/fr\/wp-json\/wp\/v2\/pages"}],"about":[{"href":"https:\/\/www.plugincanada.ca\/fr\/wp-json\/wp\/v2\/types\/page"}],"author":[{"embeddable":true,"href":"https:\/\/www.plugincanada.ca\/fr\/wp-json\/wp\/v2\/users\/1"}],"replies":[{"embeddable":true,"href":"https:\/\/www.plugincanada.ca\/fr\/wp-json\/wp\/v2\/comments?post=316"}],"version-history":[{"count":11,"href":"https:\/\/www.plugincanada.ca\/fr\/wp-json\/wp\/v2\/pages\/316\/revisions"}],"predecessor-version":[{"id":580,"href":"https:\/\/www.plugincanada.ca\/fr\/wp-json\/wp\/v2\/pages\/316\/revisions\/580"}],"wp:attachment":[{"href":"https:\/\/www.plugincanada.ca\/fr\/wp-json\/wp\/v2\/media?parent=316"}],"curies":[{"name":"wp","href":"https:\/\/api.w.org\/{rel}","templated":true}]}}